{"id":1270,"date":"2021-08-10T19:45:17","date_gmt":"2021-08-10T22:45:17","guid":{"rendered":"https:\/\/www.ellalabella.cl\/vitrina-ellalabella\/?page_id=1270"},"modified":"2024-12-13T10:32:53","modified_gmt":"2024-12-13T13:32:53","slug":"que-es-la-vitrina-ellalabella","status":"publish","type":"page","link":"https:\/\/www.ellalabella.cl\/vitrina-ellalabella\/que-es-la-vitrina-ellalabella\/","title":{"rendered":"\u00bfQu\u00e9 es La Vitrina Ellalabella?"},"content":{"rendered":"\t\t<div data-elementor-type=\"wp-page\" data-elementor-id=\"1270\" class=\"elementor elementor-1270\">\n\t\t\t\t\t\t\t\t\t<section class=\"elementor-section elementor-top-section elementor-element elementor-element-7e6654b elementor-section-boxed elementor-section-height-default elementor-section-height-default\" data-id=\"7e6654b\" data-element_type=\"section\" data-settings=\"{&quot;jet_parallax_layout_list&quot;:[{&quot;jet_parallax_layout_image&quot;:{&quot;url&quot;:&quot;&quot;,&quot;id&quot;:&quot;&quot;,&quot;size&quot;:&quot;&quot;},&quot;_id&quot;:&quot;416458a&quot;,&quot;jet_parallax_layout_image_tablet&quot;:{&quot;url&quot;:&quot;&quot;,&quot;id&quot;:&quot;&quot;,&quot;size&quot;:&quot;&quot;},&quot;jet_parallax_layout_image_mobile&quot;:{&quot;url&quot;:&quot;&quot;,&quot;id&quot;:&quot;&quot;,&quot;size&quot;:&quot;&quot;},&quot;jet_parallax_layout_speed&quot;:{&quot;unit&quot;:&quot;%&quot;,&quot;size&quot;:50,&quot;sizes&quot;:[]},&quot;jet_parallax_layout_type&quot;:&quot;scroll&quot;,&quot;jet_parallax_layout_direction&quot;:null,&quot;jet_parallax_layout_fx_direction&quot;:null,&quot;jet_parallax_layout_z_index&quot;:&quot;&quot;,&quot;jet_parallax_layout_bg_x&quot;:50,&quot;jet_parallax_layout_bg_x_tablet&quot;:&quot;&quot;,&quot;jet_parallax_layout_bg_x_mobile&quot;:&quot;&quot;,&quot;jet_parallax_layout_bg_y&quot;:50,&quot;jet_parallax_layout_bg_y_tablet&quot;:&quot;&quot;,&quot;jet_parallax_layout_bg_y_mobile&quot;:&quot;&quot;,&quot;jet_parallax_layout_bg_size&quot;:&quot;auto&quot;,&quot;jet_parallax_layout_bg_size_tablet&quot;:&quot;&quot;,&quot;jet_parallax_layout_bg_size_mobile&quot;:&quot;&quot;,&quot;jet_parallax_layout_animation_prop&quot;:&quot;transform&quot;,&quot;jet_parallax_layout_on&quot;:[&quot;desktop&quot;,&quot;tablet&quot;]}]}\">\n\t\t\t\t\t\t<div class=\"elementor-container elementor-column-gap-default\">\n\t\t\t\t\t<div class=\"elementor-column elementor-col-100 elementor-top-column elementor-element elementor-element-ddd9482\" data-id=\"ddd9482\" data-element_type=\"column\">\n\t\t\t<div class=\"elementor-widget-wrap elementor-element-populated\">\n\t\t\t\t\t\t\t\t<div class=\"elementor-element elementor-element-4aa1ccc elementor-widget elementor-widget-heading\" data-id=\"4aa1ccc\" data-element_type=\"widget\" data-widget_type=\"heading.default\">\n\t\t\t\t<div class=\"elementor-widget-container\">\n\t\t\t<h2 class=\"elementor-heading-title elementor-size-default\">\u00bfQu\u00e9 es la Vitrina Ellalabella? <\/h2>\t\t<\/div>\n\t\t\t\t<\/div>\n\t\t\t\t<div class=\"elementor-element elementor-element-ea50cf5 elementor-widget elementor-widget-text-editor\" data-id=\"ea50cf5\" data-element_type=\"widget\" data-widget_type=\"text-editor.default\">\n\t\t\t\t<div class=\"elementor-widget-container\">\n\t\t\t\t\t\t\t<p><b>\u00abSomos una Vitrina en busca de experiencias positivas que te ayuden a encontrarte con tu belleza integral\u00bb.<\/b><\/p><p><span style=\"color: var( --e-global-color-text ); font-family: var( --e-global-typography-text-font-family ), Sans-serif; font-weight: var( --e-global-typography-text-font-weight ); font-size: 1rem;\">\u201cLa belleza es todo lo que lleva al bien, al amor, a la preocupaci\u00f3n por los otros, al arte, a la armon\u00eda, a la paz\u201d\u00a0Dostoievski<\/span><\/p>\t\t\t\t\t\t<\/div>\n\t\t\t\t<\/div>\n\t\t\t\t<div class=\"elementor-element elementor-element-834ea64 elementor-widget elementor-widget-text-editor\" data-id=\"834ea64\" data-element_type=\"widget\" data-widget_type=\"text-editor.default\">\n\t\t\t\t<div class=\"elementor-widget-container\">\n\t\t\t\t\t\t\t<p><span class=\"JsGRdQ\" style=\"color: #737373;\">La Vitrina ellalabella es una vitrina consciente, para creadores que aportan belleza y algo positivo a las personas y al planeta. Que se preocupan por el consumo consciente, la conexi\u00f3n con la cultura y la naturaleza, para as\u00ed ayudarte a encontrar ese<\/span> <span class=\"JsGRdQ\" style=\"color: #737373;\">equilibrio y bienestar que tod@s buscamos, para lograr as\u00ed la belleza integral.<\/span><\/p><p>\u00c9ste espacio nace\u00a0 de la uni\u00f3n de todo lo que te puede hacer\u00a0vivir una experiencia positiva en tu caminar d\u00eda a d\u00eda. Para crearlo\u00a0hemos seleccionando con pinzas durante varios a\u00f1os, marcas y servicios,\u00a0 formando\u00a0 una vitrina consciente para as\u00ed facilitarte la b\u00fasqueda y acercarte a ellas. En la Vitrina\u00a0 ellalabella expondremos\u00a0productos de belleza, alimentaci\u00f3n, dise\u00f1o,\u00a0moda, arte, naturaleza, clases de yoga, danza, talleres, terapias, experiencias en lugares culturales, restaurantes, parques,\u00a0hoteles y m\u00e1s&#8230; incluso te llevaremos a descubrir lugares y productos por el mundo, queremos cruzar fronteras. La Vitrina\u00a0<span class=\"JsGRdQ\" style=\"font-family: var( --e-global-typography-text-font-family ), Sans-serif; font-weight: var( --e-global-typography-text-font-weight ); font-size: 1rem; color: #737373;\">ellalabella es una vitrina para creadores que aportan belleza y algo positivo a las personas y al planeta. Que se preocupan por el consumo consciente, la conexi\u00f3n con la cultura y la naturaleza, para as\u00ed ayudarte a encontrar ese<\/span> <span class=\"JsGRdQ\" style=\"font-family: var( --e-global-typography-text-font-family ), Sans-serif; font-weight: var( --e-global-typography-text-font-weight ); font-size: 1rem; color: #737373;\">equilibrio y bienestar que tod@s buscamos, para lograr as\u00ed la belleza integral.<\/span><\/p>\t\t\t\t\t\t<\/div>\n\t\t\t\t<\/div>\n\t\t\t\t<div class=\"elementor-element elementor-element-d410dd3 elementor-widget elementor-widget-text-editor\" data-id=\"d410dd3\" data-element_type=\"widget\" data-widget_type=\"text-editor.default\">\n\t\t\t\t<div class=\"elementor-widget-container\">\n\t\t\t\t\t\t\t<p><b>En ellalabella<\/b><\/p><p><span style=\"color: var( --e-global-color-text ); font-family: var( --e-global-typography-text-font-family ), Sans-serif; font-weight: var( --e-global-typography-text-font-weight ); font-size: 1rem;\">*Valoramos las experiencias que te acercan a la naturaleza y que se preocupan por ella.<br \/><\/span><span style=\"color: var( --e-global-color-text ); font-family: var( --e-global-typography-text-font-family ), Sans-serif; font-weight: var( --e-global-typography-text-font-weight ); font-size: 1rem;\">*Seleccionamos ese producto nacional, el de oficio, el que permanece en la historia, el emprendimiento, el hecho con amor.<br \/><\/span><span style=\"color: var( --e-global-color-text ); font-family: var( --e-global-typography-text-font-family ), Sans-serif; font-weight: var( --e-global-typography-text-font-weight ); font-size: 1rem;\">*Te acercamos a esa cultura que alimenta el alma, y a ese alimento que te da vitalidad.<br \/><\/span><span style=\"color: var( --e-global-color-text ); font-family: var( --e-global-typography-text-font-family ), Sans-serif; font-weight: var( --e-global-typography-text-font-weight ); font-size: 1rem;\">*Elegimos todo lo que creemos te har\u00e1 disfrutar, y que ser\u00e1 un aporte a tu bienestar y al del planeta.<br \/><\/span><span style=\"color: var( --e-global-color-text ); font-family: var( --e-global-typography-text-font-family ), Sans-serif; font-weight: var( --e-global-typography-text-font-weight ); font-size: 1rem;\">*Valoramos las experiencias que te acerquen a las personas y que se preocupen por su convivencia, equilibrio y bienestar.<br \/><\/span><span style=\"color: var( --e-global-color-text ); font-family: var( --e-global-typography-text-font-family ), Sans-serif; font-weight: var( --e-global-typography-text-font-weight ); font-size: 1rem;\">*Exponemos una selecci\u00f3n de marcas y servicios para que junto a ellas te encuentres con esa belleza \u00fanica que llevas dentro.<\/span><\/p>\t\t\t\t\t\t<\/div>\n\t\t\t\t<\/div>\n\t\t\t\t<div class=\"elementor-element elementor-element-2aeecfe elementor-widget elementor-widget-text-editor\" data-id=\"2aeecfe\" data-element_type=\"widget\" data-widget_type=\"text-editor.default\">\n\t\t\t\t<div class=\"elementor-widget-container\">\n\t\t\t\t\t\t\t<p><b>Nuestra misi\u00f3n:<\/b><\/p><p><span style=\"color: var( --e-global-color-text ); font-family: var( --e-global-typography-text-font-family ), Sans-serif; font-weight: var( --e-global-typography-text-font-weight ); font-size: 1rem;\">Ser una vitrina de consumo consciente donde puedes encontrarte con buenas experiencias que le entreguen algo positivo a tu vida y al planeta.<\/span><\/p><p>Acercar a las personas a estas experiencias positivas reuni\u00e9ndolas todas en un mismo lugar.<\/p><p>Hacer crecer a los que creemos est\u00e1n haciendo las cosas bien, para as\u00ed ir puliendo el camino hacia un consumo m\u00e1s consciente para nuestras futuras generaciones.<\/p><p>Ser un canal donde se formen redes y se generen experiencias entre las marcas y las personas en sincron\u00eda con nuestro bienestar y el del planeta.<\/p><p>\u00bf\ud835\udc78\ud835\udc96\u00e9 \ud835\udc86\ud835\udc94 \ud835\udc86\ud835\udc8d\ud835\udc8d\ud835\udc82\ud835\udc8d\ud835\udc82\ud835\udc83\ud835\udc86\ud835\udc8d\ud835\udc8d\ud835\udc82?<br \/>Ellalabella es una marca en busca de la belleza integral. Es un espacio de m\u00faltiples proyectos que tiene el fin de comunicar, registrar, crear y gestionar de forma hol\u00edstica experiencias culturales, sociales y en conexi\u00f3n con la naturaleza. Seleccionar y comunicar contenidos que sean un aporte al bienestar, registrar las bellezas del mundo, acercar a las personas a consumir de forma m\u00e1s consciente, crear espacios de encuentro y m\u00e1s. Todo en busca del bienestar que te lleva a encontrar la belleza integral que tod@s llevamos dentro.<\/p><p>Te invito a navegar en La Vitrina \ud835\udc86\ud835\udc8d\ud835\udc8d\ud835\udc82\ud835\udc8d\ud835\udc82\ud835\udc83\ud835\udc86\ud835\udc8d\ud835\udc8d\ud835\udc82, \u00e9ste espacio que nace desde mi experiencia real vivida, la cual decido empezar a archivar y compartir contigo. Experiencias que he seleccionado con pinzas de todo lo que encuentro en mi d\u00eda a d\u00eda desde hace ya muchos a\u00f1os.<\/p>\t\t\t\t\t\t<\/div>\n\t\t\t\t<\/div>\n\t\t\t\t<div class=\"elementor-element elementor-element-c3116f9 elementor-widget elementor-widget-text-editor\" data-id=\"c3116f9\" data-element_type=\"widget\" data-widget_type=\"text-editor.default\">\n\t\t\t\t<div class=\"elementor-widget-container\">\n\t\t\t\t\t\t\t\t\t\t\t\t\t<\/div>\n\t\t\t\t<\/div>\n\t\t\t\t<div class=\"elementor-element elementor-element-4a7eba7 elementor-widget elementor-widget-text-editor\" data-id=\"4a7eba7\" data-element_type=\"widget\" data-widget_type=\"text-editor.default\">\n\t\t\t\t<div class=\"elementor-widget-container\">\n\t\t\t\t\t\t\t<p><span style=\"color: var( --e-global-color-text ); font-family: var( --e-global-typography-text-font-family ), Sans-serif; font-weight: var( --e-global-typography-text-font-weight ); font-size: 1rem;\">Bienvenid@s a la Vitrina ellalabel<\/span><span style=\"color: var( --e-global-color-text ); font-family: var( --e-global-typography-text-font-family ), Sans-serif; font-size: 1rem; font-weight: var( --e-global-typography-text-font-weight );\">la<\/span><\/p>\n<p><a href=\"https:\/\/ellalabella.cl\/directora-ellalabella\/\" target=\"_blank\">Mar\u00eda Jes\u00fas Ossa<\/a><span style=\"color: var( --e-global-color-text ); font-family: var( --e-global-typography-text-font-family ), Sans-serif; font-size: 1rem; font-weight: var( --e-global-typography-text-font-weight );\"><br>Directora de&nbsp;<\/span><a href=\"https:\/\/ellalabella.cl\/\" target=\"_blank\" style=\"font-family: var( --e-global-typography-text-font-family ), Sans-serif; font-weight: var( --e-global-typography-text-font-weight ); background-color: rgb(255, 255, 255); font-size: 1rem;\">ellalabella<\/a><\/p>\t\t\t\t\t\t<\/div>\n\t\t\t\t<\/div>\n\t\t\t\t\t<\/div>\n\t\t<\/div>\n\t\t\t\t\t\t\t<\/div>\n\t\t<\/section>\n\t\t\t\t\t\t\t<\/div>\n\t\t","protected":false},"excerpt":{"rendered":"<p>\u00bfQu\u00e9 es la Vitrina Ellalabella? \u00abSomos una Vitrina en busca de experiencias positivas que te ayuden a encontrarte con tu belleza integral\u00bb. \u201cLa belleza es todo lo que lleva al bien, al amor, a la preocupaci\u00f3n por los otros, al arte, a la armon\u00eda, a la paz\u201d\u00a0Dostoievski La Vitrina ellalabella es una vitrina consciente, para [&hellip;]<\/p>\n","protected":false},"author":1,"featured_media":0,"parent":0,"menu_order":0,"comment_status":"closed","ping_status":"closed","template":"elementor_header_footer","meta":{"footnotes":""},"class_list":["post-1270","page","type-page","status-publish","hentry"],"yoast_head":"<!-- This site is optimized with the Yoast SEO plugin v20.11 - https:\/\/yoast.com\/wordpress\/plugins\/seo\/ -->\n<title>\u00bfQu\u00e9 es La Vitrina Ellalabella? - Vitrina Ellalabella<\/title>\n<meta name=\"robots\" content=\"index, follow, max-snippet:-1, max-image-preview:large, max-video-preview:-1\" \/>\n<link rel=\"canonical\" href=\"https:\/\/www.ellalabella.cl\/vitrina-ellalabella\/que-es-la-vitrina-ellalabella\/\" \/>\n<meta property=\"og:locale\" content=\"es_ES\" \/>\n<meta property=\"og:type\" content=\"article\" \/>\n<meta property=\"og:title\" content=\"\u00bfQu\u00e9 es La Vitrina Ellalabella? - Vitrina Ellalabella\" \/>\n<meta property=\"og:description\" content=\"\u00bfQu\u00e9 es la Vitrina Ellalabella? \u00abSomos una Vitrina en busca de experiencias positivas que te ayuden a encontrarte con tu belleza integral\u00bb. \u201cLa belleza es todo lo que lleva al bien, al amor, a la preocupaci\u00f3n por los otros, al arte, a la armon\u00eda, a la paz\u201d\u00a0Dostoievski La Vitrina ellalabella es una vitrina consciente, para [&hellip;]\" \/>\n<meta property=\"og:url\" content=\"https:\/\/www.ellalabella.cl\/vitrina-ellalabella\/que-es-la-vitrina-ellalabella\/\" \/>\n<meta property=\"og:site_name\" content=\"Vitrina Ellalabella\" \/>\n<meta property=\"article:modified_time\" content=\"2024-12-13T13:32:53+00:00\" \/>\n<meta property=\"og:image\" content=\"https:\/\/www.ellalabella.cl\/vitrina-ellalabella\/wp-content\/uploads\/2021\/05\/club-logo-ellalabella.png\" \/>\n\t<meta property=\"og:image:width\" content=\"500\" \/>\n\t<meta property=\"og:image:height\" content=\"186\" \/>\n\t<meta property=\"og:image:type\" content=\"image\/png\" \/>\n<meta name=\"twitter:card\" content=\"summary_large_image\" \/>\n<meta name=\"twitter:label1\" content=\"Tiempo de lectura\" \/>\n\t<meta name=\"twitter:data1\" content=\"3 minutos\" \/>\n<script type=\"application\/ld+json\" class=\"yoast-schema-graph\">{\"@context\":\"https:\/\/schema.org\",\"@graph\":[{\"@type\":\"WebPage\",\"@id\":\"https:\/\/www.ellalabella.cl\/vitrina-ellalabella\/que-es-la-vitrina-ellalabella\/\",\"url\":\"https:\/\/www.ellalabella.cl\/vitrina-ellalabella\/que-es-la-vitrina-ellalabella\/\",\"name\":\"\u00bfQu\u00e9 es La Vitrina Ellalabella? - Vitrina Ellalabella\",\"isPartOf\":{\"@id\":\"https:\/\/www.ellalabella.cl\/vitrina-ellalabella\/#website\"},\"datePublished\":\"2021-08-10T22:45:17+00:00\",\"dateModified\":\"2024-12-13T13:32:53+00:00\",\"breadcrumb\":{\"@id\":\"https:\/\/www.ellalabella.cl\/vitrina-ellalabella\/que-es-la-vitrina-ellalabella\/#breadcrumb\"},\"inLanguage\":\"es\",\"potentialAction\":[{\"@type\":\"ReadAction\",\"target\":[\"https:\/\/www.ellalabella.cl\/vitrina-ellalabella\/que-es-la-vitrina-ellalabella\/\"]}]},{\"@type\":\"BreadcrumbList\",\"@id\":\"https:\/\/www.ellalabella.cl\/vitrina-ellalabella\/que-es-la-vitrina-ellalabella\/#breadcrumb\",\"itemListElement\":[{\"@type\":\"ListItem\",\"position\":1,\"name\":\"Portada\",\"item\":\"https:\/\/www.ellalabella.cl\/vitrina-ellalabella\/\"},{\"@type\":\"ListItem\",\"position\":2,\"name\":\"\u00bfQu\u00e9 es La Vitrina Ellalabella?\"}]},{\"@type\":\"WebSite\",\"@id\":\"https:\/\/www.ellalabella.cl\/vitrina-ellalabella\/#website\",\"url\":\"https:\/\/www.ellalabella.cl\/vitrina-ellalabella\/\",\"name\":\"Vitrina Ellalabella\",\"description\":\"Beneficios que buscan la belleza integral\",\"publisher\":{\"@id\":\"https:\/\/www.ellalabella.cl\/vitrina-ellalabella\/#organization\"},\"potentialAction\":[{\"@type\":\"SearchAction\",\"target\":{\"@type\":\"EntryPoint\",\"urlTemplate\":\"https:\/\/www.ellalabella.cl\/vitrina-ellalabella\/?s={search_term_string}\"},\"query-input\":\"required name=search_term_string\"}],\"inLanguage\":\"es\"},{\"@type\":\"Organization\",\"@id\":\"https:\/\/www.ellalabella.cl\/vitrina-ellalabella\/#organization\",\"name\":\"Vitrina Ellalabella\",\"url\":\"https:\/\/www.ellalabella.cl\/vitrina-ellalabella\/\",\"logo\":{\"@type\":\"ImageObject\",\"inLanguage\":\"es\",\"@id\":\"https:\/\/www.ellalabella.cl\/vitrina-ellalabella\/#\/schema\/logo\/image\/\",\"url\":\"https:\/\/www.ellalabella.cl\/vitrina-ellalabella\/wp-content\/uploads\/2021\/05\/vitrina-logo.png\",\"contentUrl\":\"https:\/\/www.ellalabella.cl\/vitrina-ellalabella\/wp-content\/uploads\/2021\/05\/vitrina-logo.png\",\"width\":400,\"height\":194,\"caption\":\"Vitrina Ellalabella\"},\"image\":{\"@id\":\"https:\/\/www.ellalabella.cl\/vitrina-ellalabella\/#\/schema\/logo\/image\/\"},\"sameAs\":[\"https:\/\/web.whatsapp.com\/\",\"https:\/\/whatsapp.com\/\"]}]}<\/script>\n<!-- \/ Yoast SEO plugin. -->","yoast_head_json":{"title":"\u00bfQu\u00e9 es La Vitrina Ellalabella? - Vitrina Ellalabella","robots":{"index":"index","follow":"follow","max-snippet":"max-snippet:-1","max-image-preview":"max-image-preview:large","max-video-preview":"max-video-preview:-1"},"canonical":"https:\/\/www.ellalabella.cl\/vitrina-ellalabella\/que-es-la-vitrina-ellalabella\/","og_locale":"es_ES","og_type":"article","og_title":"\u00bfQu\u00e9 es La Vitrina Ellalabella? - Vitrina Ellalabella","og_description":"\u00bfQu\u00e9 es la Vitrina Ellalabella? \u00abSomos una Vitrina en busca de experiencias positivas que te ayuden a encontrarte con tu belleza integral\u00bb. \u201cLa belleza es todo lo que lleva al bien, al amor, a la preocupaci\u00f3n por los otros, al arte, a la armon\u00eda, a la paz\u201d\u00a0Dostoievski La Vitrina ellalabella es una vitrina consciente, para [&hellip;]","og_url":"https:\/\/www.ellalabella.cl\/vitrina-ellalabella\/que-es-la-vitrina-ellalabella\/","og_site_name":"Vitrina Ellalabella","article_modified_time":"2024-12-13T13:32:53+00:00","og_image":[{"width":500,"height":186,"url":"https:\/\/www.ellalabella.cl\/vitrina-ellalabella\/wp-content\/uploads\/2021\/05\/club-logo-ellalabella.png","type":"image\/png"}],"twitter_card":"summary_large_image","twitter_misc":{"Tiempo de lectura":"3 minutos"},"schema":{"@context":"https:\/\/schema.org","@graph":[{"@type":"WebPage","@id":"https:\/\/www.ellalabella.cl\/vitrina-ellalabella\/que-es-la-vitrina-ellalabella\/","url":"https:\/\/www.ellalabella.cl\/vitrina-ellalabella\/que-es-la-vitrina-ellalabella\/","name":"\u00bfQu\u00e9 es La Vitrina Ellalabella? - Vitrina Ellalabella","isPartOf":{"@id":"https:\/\/www.ellalabella.cl\/vitrina-ellalabella\/#website"},"datePublished":"2021-08-10T22:45:17+00:00","dateModified":"2024-12-13T13:32:53+00:00","breadcrumb":{"@id":"https:\/\/www.ellalabella.cl\/vitrina-ellalabella\/que-es-la-vitrina-ellalabella\/#breadcrumb"},"inLanguage":"es","potentialAction":[{"@type":"ReadAction","target":["https:\/\/www.ellalabella.cl\/vitrina-ellalabella\/que-es-la-vitrina-ellalabella\/"]}]},{"@type":"BreadcrumbList","@id":"https:\/\/www.ellalabella.cl\/vitrina-ellalabella\/que-es-la-vitrina-ellalabella\/#breadcrumb","itemListElement":[{"@type":"ListItem","position":1,"name":"Portada","item":"https:\/\/www.ellalabella.cl\/vitrina-ellalabella\/"},{"@type":"ListItem","position":2,"name":"\u00bfQu\u00e9 es La Vitrina Ellalabella?"}]},{"@type":"WebSite","@id":"https:\/\/www.ellalabella.cl\/vitrina-ellalabella\/#website","url":"https:\/\/www.ellalabella.cl\/vitrina-ellalabella\/","name":"Vitrina Ellalabella","description":"Beneficios que buscan la belleza integral","publisher":{"@id":"https:\/\/www.ellalabella.cl\/vitrina-ellalabella\/#organization"},"potentialAction":[{"@type":"SearchAction","target":{"@type":"EntryPoint","urlTemplate":"https:\/\/www.ellalabella.cl\/vitrina-ellalabella\/?s={search_term_string}"},"query-input":"required name=search_term_string"}],"inLanguage":"es"},{"@type":"Organization","@id":"https:\/\/www.ellalabella.cl\/vitrina-ellalabella\/#organization","name":"Vitrina Ellalabella","url":"https:\/\/www.ellalabella.cl\/vitrina-ellalabella\/","logo":{"@type":"ImageObject","inLanguage":"es","@id":"https:\/\/www.ellalabella.cl\/vitrina-ellalabella\/#\/schema\/logo\/image\/","url":"https:\/\/www.ellalabella.cl\/vitrina-ellalabella\/wp-content\/uploads\/2021\/05\/vitrina-logo.png","contentUrl":"https:\/\/www.ellalabella.cl\/vitrina-ellalabella\/wp-content\/uploads\/2021\/05\/vitrina-logo.png","width":400,"height":194,"caption":"Vitrina Ellalabella"},"image":{"@id":"https:\/\/www.ellalabella.cl\/vitrina-ellalabella\/#\/schema\/logo\/image\/"},"sameAs":["https:\/\/web.whatsapp.com\/","https:\/\/whatsapp.com\/"]}]}},"_links":{"self":[{"href":"https:\/\/www.ellalabella.cl\/vitrina-ellalabella\/wp-json\/wp\/v2\/pages\/1270","targetHints":{"allow":["GET"]}}],"collection":[{"href":"https:\/\/www.ellalabella.cl\/vitrina-ellalabella\/wp-json\/wp\/v2\/pages"}],"about":[{"href":"https:\/\/www.ellalabella.cl\/vitrina-ellalabella\/wp-json\/wp\/v2\/types\/page"}],"author":[{"embeddable":true,"href":"https:\/\/www.ellalabella.cl\/vitrina-ellalabella\/wp-json\/wp\/v2\/users\/1"}],"replies":[{"embeddable":true,"href":"https:\/\/www.ellalabella.cl\/vitrina-ellalabella\/wp-json\/wp\/v2\/comments?post=1270"}],"version-history":[{"count":92,"href":"https:\/\/www.ellalabella.cl\/vitrina-ellalabella\/wp-json\/wp\/v2\/pages\/1270\/revisions"}],"predecessor-version":[{"id":3286,"href":"https:\/\/www.ellalabella.cl\/vitrina-ellalabella\/wp-json\/wp\/v2\/pages\/1270\/revisions\/3286"}],"wp:attachment":[{"href":"https:\/\/www.ellalabella.cl\/vitrina-ellalabella\/wp-json\/wp\/v2\/media?parent=1270"}],"curies":[{"name":"wp","href":"https:\/\/api.w.org\/{rel}","templated":true}]}}