{"id":3,"date":"2021-05-05T13:45:04","date_gmt":"2021-05-05T16:45:04","guid":{"rendered":"https:\/\/www.ellalabella.cl\/vitrina-ellalabella\/?page_id=3"},"modified":"2021-10-01T19:36:45","modified_gmt":"2021-10-01T22:36:45","slug":"politica-de-privacidad","status":"publish","type":"page","link":"https:\/\/www.ellalabella.cl\/vitrina-ellalabella\/politica-de-privacidad\/","title":{"rendered":"Pol\u00edticas de Privacidad"},"content":{"rendered":"\t\t<div data-elementor-type=\"wp-page\" data-elementor-id=\"3\" class=\"elementor elementor-3\">\n\t\t\t\t\t\t\t\t\t<section class=\"elementor-section elementor-top-section elementor-element elementor-element-19bfa7b5 elementor-section-boxed elementor-section-height-default elementor-section-height-default\" data-id=\"19bfa7b5\" data-element_type=\"section\" data-settings=\"{&quot;jet_parallax_layout_list&quot;:[{&quot;jet_parallax_layout_image&quot;:{&quot;url&quot;:&quot;&quot;,&quot;id&quot;:&quot;&quot;,&quot;size&quot;:&quot;&quot;},&quot;_id&quot;:&quot;3b12af4&quot;,&quot;jet_parallax_layout_image_tablet&quot;:{&quot;url&quot;:&quot;&quot;,&quot;id&quot;:&quot;&quot;,&quot;size&quot;:&quot;&quot;},&quot;jet_parallax_layout_image_mobile&quot;:{&quot;url&quot;:&quot;&quot;,&quot;id&quot;:&quot;&quot;,&quot;size&quot;:&quot;&quot;},&quot;jet_parallax_layout_speed&quot;:{&quot;unit&quot;:&quot;%&quot;,&quot;size&quot;:50,&quot;sizes&quot;:[]},&quot;jet_parallax_layout_type&quot;:&quot;scroll&quot;,&quot;jet_parallax_layout_direction&quot;:null,&quot;jet_parallax_layout_fx_direction&quot;:null,&quot;jet_parallax_layout_z_index&quot;:&quot;&quot;,&quot;jet_parallax_layout_bg_x&quot;:50,&quot;jet_parallax_layout_bg_x_tablet&quot;:&quot;&quot;,&quot;jet_parallax_layout_bg_x_mobile&quot;:&quot;&quot;,&quot;jet_parallax_layout_bg_y&quot;:50,&quot;jet_parallax_layout_bg_y_tablet&quot;:&quot;&quot;,&quot;jet_parallax_layout_bg_y_mobile&quot;:&quot;&quot;,&quot;jet_parallax_layout_bg_size&quot;:&quot;auto&quot;,&quot;jet_parallax_layout_bg_size_tablet&quot;:&quot;&quot;,&quot;jet_parallax_layout_bg_size_mobile&quot;:&quot;&quot;,&quot;jet_parallax_layout_animation_prop&quot;:&quot;transform&quot;,&quot;jet_parallax_layout_on&quot;:[&quot;desktop&quot;,&quot;tablet&quot;]}]}\">\n\t\t\t\t\t\t<div class=\"elementor-container elementor-column-gap-default\">\n\t\t\t\t\t<div class=\"elementor-column elementor-col-100 elementor-top-column elementor-element elementor-element-3dbef789\" data-id=\"3dbef789\" data-element_type=\"column\">\n\t\t\t<div class=\"elementor-widget-wrap elementor-element-populated\">\n\t\t\t\t\t\t\t\t<div class=\"elementor-element elementor-element-0445da6 elementor-widget elementor-widget-heading\" data-id=\"0445da6\" data-element_type=\"widget\" data-widget_type=\"heading.default\">\n\t\t\t\t<div class=\"elementor-widget-container\">\n\t\t\t<h2 class=\"elementor-heading-title elementor-size-default\">Pol\u00edticas del Club<\/h2>\t\t<\/div>\n\t\t\t\t<\/div>\n\t\t\t\t<div class=\"elementor-element elementor-element-2405c39 elementor-widget elementor-widget-text-editor\" data-id=\"2405c39\" data-element_type=\"widget\" data-widget_type=\"text-editor.default\">\n\t\t\t\t<div class=\"elementor-widget-container\">\n\t\t\t\t\t\t\t<p><!-- wp:paragraph --><\/p>\n<p>Los siguientes son los T\u00e9rminos y Condiciones Generales de Uso, de Venta y pol\u00edticas de privacidad que regulan el uso del sitio web: www.ellalabella.cl\/club<\/p>\n<p><!-- \/wp:paragraph --><\/p>\n<p><!-- wp:paragraph --><\/p>\n<p><br \/>El acceso al Sitio, en forma directa o indirecta, su uso y\/o la descarga de informaci\u00f3n contenida en \u00e9l suponen que el Usuario acepta los presentes t\u00e9rminos y condiciones en todas sus partes. Quien no acepte los presentes t\u00e9rminos y condiciones, deber\u00e1 abstenerse de acceder a este sitio, ya sea directa o indirectamente, y de utilizar cualquier informaci\u00f3n o servicio provisto por el mismo.<\/p>\n<p><!-- \/wp:paragraph --><\/p>\n<p><!-- wp:paragraph --><\/p>\n<p><br \/>Siempre que en estos t\u00e9rminos y condiciones se haga referencia al \u2018Usuario\u2019 se entender\u00e1 por tal a cualquier persona natural o jur\u00eddica, agrupaci\u00f3n sin personalidad legal, o representante en cualquier forma de los mismos, que use los servicios y\/o informaciones contenidas en el software o el sitio web.<\/p>\n<p><!-- \/wp:paragraph --><\/p>\n<p><!-- wp:paragraph --><\/p>\n<p><br \/><strong>Privacidad y confidencialidad<\/strong><br \/>El Usuario declara conocer y aceptar la pol\u00edtica de confidencialidad y se obliga a guardar absoluta reserva sobre los datos aqu\u00ed proporcionados.<\/p>\n<p><!-- \/wp:paragraph --><\/p>\n<p><!-- wp:paragraph --><\/p>\n<p><br \/>Toda la informaci\u00f3n personal proporcionada por el Usuario, incluidos los datos de despacho en los casos en que es procedente, es de responsabilidad exclusiva de quien la aporta. La informaci\u00f3n ingresada por el Usuario ser\u00e1 utilizada por Club Ellalabella para registrarlo en los programas y servicios, crear cuentas personales, procesar y darles seguimiento a los pedidos, contestar correos electr\u00f3nicos y proporcionar informaci\u00f3n con respecto a su cuenta y respecto de los bienes y servicios contratados.<\/p>\n<p><!-- \/wp:paragraph --><\/p>\n<p><!-- wp:paragraph --><\/p>\n<p><br \/>Club Ellalabella se reserva el derecho de usar esta informaci\u00f3n para enviar correos electr\u00f3nicos con informaci\u00f3n relativa a su cuenta o de los bienes y servicios contratados, como tambi\u00e9n para enviar informaci\u00f3n sobre promociones, productos o servicios. El Usuario siempre podr\u00e1 solicitar el cese de env\u00edo de los correos electr\u00f3nicos. Club Ellalabella podr\u00e1 vender, arrendar o intercambiar con terceros la informaci\u00f3n personal proporcionada por el Usuario, previa autorizaci\u00f3n del Usuario efectuada al momento de registrarse.<\/p>\n<p><!-- \/wp:paragraph --><\/p>\n<p><!-- wp:paragraph --><\/p>\n<p><br \/>P<strong>ropiedad intelectual e industrial<\/strong><br \/>El contenido, organizaci\u00f3n, gr\u00e1ficas, dise\u00f1o, compilaci\u00f3n y otros aspectos del Sitio se encuentran protegidos por leyes de Propiedad Intelectual. Su copia, redistribuci\u00f3n, uso o publicaci\u00f3n, total o parcial, est\u00e1 prohibida por la ley. La publicaci\u00f3n o transmisi\u00f3n de informaci\u00f3n o documentos en el Sitio, no constituye una renuncia de cualquier derecho relacionado con tales documentos o informaci\u00f3n. Club Ellalabella hace expresa reserva del ejercicio de todas las acciones tanto civiles como penales destinados al resguardo de sus leg\u00edtimos derechos de propiedad intelectual e industrial.<\/p>\n<p><!-- \/wp:paragraph --><\/p>\n<p><!-- wp:paragraph --><\/p>\n<p><br \/><strong>Acceso al sitio<\/strong><br \/>El acceso al Sitio est\u00e1 restringido a los Usuarios autorizados, previa suscripci\u00f3n de los mismos al servicio. Para el acceso a determinados servicios se requiere el registro de Usuario en las bases de datos de Club Ellalabella. Es obligaci\u00f3n del Usuario custodiar sus datos y claves de acceso, puesto que son para uso exclusivo del titular de las mismas, respondiendo por tanto de las violaciones a las obligaciones de confidencialidad y privacidad de la informaci\u00f3n contenida en el sitio.<\/p>\n<p><!-- \/wp:paragraph --><\/p>\n<p><!-- wp:paragraph --><\/p>\n<p><br \/>O<strong>bligaciones sobre la veracidad de la informaci\u00f3n<\/strong><br \/>Toda la informaci\u00f3n que proporcione el Usuario a Club Ellalabella deber\u00e1 ser veraz y comprobable. Para estos efectos el Usuario garantiza la autenticidad de todos los datos proporcionados, y la actualizaci\u00f3n de los mismos, y se hace responsable de todos los da\u00f1os que se deriven de cualquier inexactitud, sea que los sufra el mismo Usuario, Club Ellalabella o terceros.<\/p>\n<p><!-- \/wp:paragraph --><\/p>\n<p><!-- wp:paragraph --><\/p>\n<p><br \/><strong>V\u00ednculos<\/strong><br \/>El Sitio puede contener hiperv\u00ednculos a otros sitios web, que no sean controlados, editados, ni tengan relaci\u00f3n alguna con Club Ellalabella, no siendo \u00e9sta en consecuencia responsable del contenido ni de la exactitud de la informaci\u00f3n contenida en ellos. La funci\u00f3n de los links que se encuentran en el Sitio es meramente informativa, y se limita s\u00f3lo a dar a conocer al Usuario otras fuentes de informaci\u00f3n relacionadas a las materias propias del sitio. Club Ellalabella en ning\u00fan caso es responsable de la informaci\u00f3n que directa o indirectamente se pueda obtener de los sitios a los que se acceda a trav\u00e9s de los hiperv\u00ednculos contenidos en el Sitio. Club Ellalabella no tiene responsabilidad alguna por los sitios web que cuenten con links al Sitio. El establecimiento de estos v\u00ednculos no implica en forma alguna la existencia de relaci\u00f3n alguna entre Club Ellalabella y el titular de la p\u00e1gina web en la que se establezca el mismo.<\/p>\n<p><!-- \/wp:paragraph --><\/p>\n<p><!-- wp:paragraph --><\/p>\n<p><br \/><strong>Prohibiciones<\/strong><br \/>Adem\u00e1s de las prohibiciones que expresamente se contengan en otras secciones de los presentes t\u00e9rminos y condiciones, se proh\u00edbe a los Usuarios usar el Sitio para cargar, hacer avisos o de cualquier otra forma transmitir o distribuir cualquier \u00edtem, incluyendo sin limitaci\u00f3n alguna virus computacionales, caballos troyanos, gusanos, mecanismos de apagado autom\u00e1tico o cualquier otro sistema, programa o archivo disruptivo; interferir con la seguridad de este sitio; infringir patentes comerciales, marcas registradas, secretos comerciales e industriales, derechos de publicidad o cualquier otros derechos propietarios de cualquier persona natural o jur\u00eddica, colectividades, etc.; impedir o interrumpir el uso del sitio por parte de terceros; usar programas autom\u00e1ticos, mecanismos o procesos manuales para monitorear, copiar, resumir, o extraer informaci\u00f3n de cualquier otra forma desde este sitio; usar las cuentas y claves de terceros Usuarios, o cualquier otra informaci\u00f3n sin el consentimiento previo y por escrito de su titular; crear cuentas o utilizar el sitio proporcionando datos falsos; transmitir desde este sitio SPAM, cadenas, correo basura o cualquier otro tipo de correo masivo no solicitado; cargar, distribuir o diseminar desde el sitio material o informaci\u00f3n de car\u00e1cter amenazante, de acoso, difamatorio, obsceno, pornogr\u00e1fico, fraudulento, enga\u00f1ador, o que de cualquier otra forma pudiere ser atentatorio contra la Ley, las buenas costumbres, el orden p\u00fablico o que viole los derechos de cualquier otra parte, o que contenga solicitudes de recaudaci\u00f3n de fondos, entre otras.<\/p>\n<p><!-- \/wp:paragraph --><\/p>\n<p><!-- wp:paragraph --><\/p>\n<p><br \/><strong>Fallas del sistema<\/strong><br \/>Club Ellalabella no se responsabiliza por cualquier da\u00f1o, perjuicio o p\u00e9rdida al Usuario causados por fallas en el software, en el servidor o en Internet. Club Ellalabella tampoco ser\u00e1 responsable por cualquier virus que pudiera infectar el equipo del Usuario como consecuencia del acceso, uso o examen del Sitio o a ra\u00edz de cualquier transferencia de datos, archivos, im\u00e1genes, textos, o audios contenidos en el mismo. Los Usuarios no podr\u00e1n imputarle responsabilidad alguna ni exigir pago por lucro cesante, en virtud de perjuicios resultantes de dificultades t\u00e9cnicas o fallas en el software, los sistemas o en Internet. Club Ellalabella no garantiza el acceso y uso continuado o ininterrumpido del Sitio. El sistema puede eventualmente no estar disponible debido a dificultades t\u00e9cnicas o fallas de Internet, o por cualquier otra circunstancia ajena a Club Ellalabella; en tales casos se procurar\u00e1 restablecerlo con la mayor celeridad posible sin que por ello pueda imput\u00e1rsele alg\u00fan tipo de responsabilidad.<br \/>Club Ellalabella no ser\u00e1 responsable por ning\u00fan error u omisi\u00f3n contenidos en el Sitio.<\/p>\n<p><!-- \/wp:paragraph --><\/p>\n<p><!-- wp:paragraph --><\/p>\n<p><br \/><strong>Responsabilidad<\/strong><br \/>Club Ellalabella no es responsable por la p\u00e9rdida o el da\u00f1o eventual que puedan sufrir los archivos que le son enviados para la prestaci\u00f3n de sus servicios, ya sea por problemas t\u00e9cnicos, hecho suyos o de sus dependientes, raz\u00f3n por la que es responsabilidad del Usuario el respaldo de la informaci\u00f3n que se env\u00eda para la prestaci\u00f3n de los servicios.<\/p>\n<p><!-- \/wp:paragraph --><\/p>\n<p><!-- wp:paragraph --><\/p>\n<p><br \/><strong>Jurisdicci\u00f3n y ley aplicable<\/strong><br \/>Este acuerdo estar\u00e1 regido por las leyes de la Rep\u00fablica de Chile. Cualquier controversia derivada del presente acuerdo, su existencia, validez, interpretaci\u00f3n, alcance o cumplimiento, ser\u00e1 sometida a las leyes aplicables y a los Tribunales competentes de la Ciudad de Santiago de Chile, y los procedimientos se llevar\u00e1n a cabo en idioma castellano.<\/p>\n<p><!-- \/wp:paragraph --><\/p>\n<p><!-- wp:paragraph --><\/p>\n<p><br \/><strong>Condiciones de contrataci\u00f3n<\/strong><br \/>La creaci\u00f3n de una cuenta no es obligatoria para la contrataci\u00f3n de bienes y\/o servicios a trav\u00e9s del Sitio. La informaci\u00f3n de la cuenta es necesaria para que se pueda ofrecer un acceso f\u00e1cil al sistema, y para imprimir los pedidos, compras anteriores, modificar preferencias, y para asegurar el uso autorizado de los cupones adquiridos, en los casos en que es pertinente. Los servicios y productos comercializados a trav\u00e9s de la p\u00e1gina en la mayor\u00eda de los casos son de responsabilidad de terceros, en adelante llamados \u2018Proveedores\u2019 o \u2018Socios\u2019.<\/p>\n<p><!-- \/wp:paragraph --><\/p>\n<p><!-- wp:paragraph --><\/p>\n<p><br \/>I<strong>nformaci\u00f3n de producto<\/strong><br \/>Las descripciones de los productos, fichas t\u00e9cnicas, folletos y dem\u00e1s elementos informativos de los productos ofrecidos en el portal, se realizan con base en la informaci\u00f3n proporcionada por Club Ellalabella y proveedores. En consecuencia, la informaci\u00f3n proporcionada en el Sitio Web acerca de cada producto, incluyendo las fotograf\u00edas y\/o v\u00eddeos, as\u00ed como los nombres comerciales, marcas o signos distintivos son expuestos para orientar a los Compradores. Igualmente, Club Ellalabella se compromete a cumplir con las exigencias legales que para el caso apliquen con relaci\u00f3n a restricciones de uso y permisos especiales que afecten a cada producto en los casos en que apliquen.<\/p>\n<p><!-- \/wp:paragraph --><\/p>\n<p><!-- wp:paragraph --><\/p>\n<p><br \/><strong>Medios de pago<\/strong><br \/>Los servicios ofrecidos en este sitio, salvo que se se\u00f1ale una forma diferente para casos particulares u ofertas de determinados bienes o servicios, s\u00f3lo pueden ser pagados con los medios que en cada caso espec\u00edficamente se indiquen. El uso de tarjetas de cr\u00e9dito se sujetar\u00e1 a lo establecido por el emisor de la misma.<br \/>El Comprador o Cliente se obliga a pagar el precio del respectivo de la membres\u00eda en el momento que realiza el pedido del mismo.\u00a0 El Comprador deber\u00e1 abonar el importe correspondiente a su pedido mediante pago a trav\u00e9s de la plataforma prestada para tal fin y que en este caso suministra \u201cVenti Pay\u201d.<\/p>\n<p><!-- \/wp:paragraph --><\/p>\n<p><!-- wp:paragraph --><\/p>\n<p><br \/>El Usuario Registrado proporcionar\u00e1 a \u201cVenti Pay\u201d los datos de la tarjeta de cr\u00e9dito , la fecha de caducidad y los tres (3) d\u00edgitos de seguridad, en el momento que realiza el pedido y\/o aceptaci\u00f3n de la compra del descuento del servicio o producto del Descuento del D\u00eda en cuesti\u00f3n. La forma de pago se efectuar\u00e1 a trav\u00e9s de tarjeta de cr\u00e9dito (Visa, Mastercard, American Express, Magna, Dinner Club y\/o otras tarjetas an\u00e1logas) y se proceder\u00e1 al cargo en la tarjeta del Usuario Registrado al d\u00eda siguiente a la finalizaci\u00f3n del plazo de vigencia de la campa\u00f1a promocional. La tarjeta con la que se haga el pago deber\u00e1 tener como entidad financiera emisora a un banco chileno y deber\u00e1 estar relacionada con una cuenta bancaria chilena. El Usuario Registrado deber\u00e1 notificar a la Empresa cualquier cargo indebido o fraudulento en la tarjeta utilizada para las compras, mediante email, en el menor plazo de tiempo posible para que la Empresa pueda realizar las gestiones oportunas.<\/p>\n<p><!-- \/wp:paragraph --><\/p>\n<p><!-- wp:paragraph --><\/p>\n<p><br \/><strong>Seguridad<\/strong><br \/>La Empresa cuenta con el proveedor de pago Venti Pay (Transbank) que proporciona las m\u00e1ximas medidas de seguridad comercialmente disponibles en el sector. El proceso de pago funciona sobre un servidor seguro utilizando el protocolo SSL (Secure Socket Layer). Asimismo, la Empresa manifiesta que no tiene acceso a datos confidenciales relativos al medio de pago utilizado, y, por tanto, tampoco los almacena. La entidad financiera responsable en cada momento de los pagos y cobros de la Empresa, ser\u00e1 la \u00fanica que tendr\u00e1 acceso a estos datos \u00fanicamente a modo de gesti\u00f3n de los pagos y cobros y que ser\u00e1n inaccesibles a terceros.<\/p>\n<p><!-- \/wp:paragraph --><\/p>\n<p><!-- wp:paragraph --><\/p>\n<p><br \/>El Cliente est\u00e1 obligado a notificar a Club Ellalabella cualquier cargo indebido o fraudulento en las tarjetas utilizadas para las compras, por correo electr\u00f3nico aldo.rivera@rizat.cl en el menor tiempo posible para que en su poder Club Ellalabella pueda realizar las gestiones oportunas a que haya lugar.<\/p>\n<p>\u00a0<\/p>\n<p><!-- \/wp:paragraph --><\/p>\t\t\t\t\t\t<\/div>\n\t\t\t\t<\/div>\n\t\t\t\t\t<\/div>\n\t\t<\/div>\n\t\t\t\t\t\t\t<\/div>\n\t\t<\/section>\n\t\t\t\t\t\t\t<\/div>\n\t\t","protected":false},"excerpt":{"rendered":"<p>Pol\u00edticas del Club Los siguientes son los T\u00e9rminos y Condiciones Generales de Uso, de Venta y pol\u00edticas de privacidad que regulan el uso del sitio web: www.ellalabella.cl\/club El acceso al Sitio, en forma directa o indirecta, su uso y\/o la descarga de informaci\u00f3n contenida en \u00e9l suponen que el Usuario acepta los presentes t\u00e9rminos y [&hellip;]<\/p>\n","protected":false},"author":1,"featured_media":0,"parent":0,"menu_order":0,"comment_status":"closed","ping_status":"open","template":"elementor_header_footer","meta":{"footnotes":""},"class_list":["post-3","page","type-page","status-publish","hentry"],"yoast_head":"<!-- This site is optimized with the Yoast SEO plugin v20.11 - https:\/\/yoast.com\/wordpress\/plugins\/seo\/ -->\n<title>Pol\u00edticas de Privacidad - Vitrina Ellalabella<\/title>\n<meta name=\"robots\" content=\"index, follow, max-snippet:-1, max-image-preview:large, max-video-preview:-1\" \/>\n<link rel=\"canonical\" href=\"https:\/\/www.ellalabella.cl\/vitrina-ellalabella\/politica-de-privacidad\/\" \/>\n<meta property=\"og:locale\" content=\"es_ES\" \/>\n<meta property=\"og:type\" content=\"article\" \/>\n<meta property=\"og:title\" content=\"Pol\u00edticas de Privacidad - Vitrina Ellalabella\" \/>\n<meta property=\"og:description\" content=\"Pol\u00edticas del Club Los siguientes son los T\u00e9rminos y Condiciones Generales de Uso, de Venta y pol\u00edticas de privacidad que regulan el uso del sitio web: www.ellalabella.cl\/club El acceso al Sitio, en forma directa o indirecta, su uso y\/o la descarga de informaci\u00f3n contenida en \u00e9l suponen que el Usuario acepta los presentes t\u00e9rminos y [&hellip;]\" \/>\n<meta property=\"og:url\" content=\"https:\/\/www.ellalabella.cl\/vitrina-ellalabella\/politica-de-privacidad\/\" \/>\n<meta property=\"og:site_name\" content=\"Vitrina Ellalabella\" \/>\n<meta property=\"article:modified_time\" content=\"2021-10-01T22:36:45+00:00\" \/>\n<meta property=\"og:image\" content=\"https:\/\/www.ellalabella.cl\/vitrina-ellalabella\/wp-content\/uploads\/2021\/05\/club-logo-ellalabella.png\" \/>\n\t<meta property=\"og:image:width\" content=\"500\" \/>\n\t<meta property=\"og:image:height\" content=\"186\" \/>\n\t<meta property=\"og:image:type\" content=\"image\/png\" \/>\n<meta name=\"twitter:card\" content=\"summary_large_image\" \/>\n<meta name=\"twitter:label1\" content=\"Tiempo de lectura\" \/>\n\t<meta name=\"twitter:data1\" content=\"9 minutos\" \/>\n<script type=\"application\/ld+json\" class=\"yoast-schema-graph\">{\"@context\":\"https:\/\/schema.org\",\"@graph\":[{\"@type\":\"WebPage\",\"@id\":\"https:\/\/www.ellalabella.cl\/vitrina-ellalabella\/politica-de-privacidad\/\",\"url\":\"https:\/\/www.ellalabella.cl\/vitrina-ellalabella\/politica-de-privacidad\/\",\"name\":\"Pol\u00edticas de Privacidad - Vitrina Ellalabella\",\"isPartOf\":{\"@id\":\"https:\/\/www.ellalabella.cl\/vitrina-ellalabella\/#website\"},\"datePublished\":\"2021-05-05T16:45:04+00:00\",\"dateModified\":\"2021-10-01T22:36:45+00:00\",\"breadcrumb\":{\"@id\":\"https:\/\/www.ellalabella.cl\/vitrina-ellalabella\/politica-de-privacidad\/#breadcrumb\"},\"inLanguage\":\"es\",\"potentialAction\":[{\"@type\":\"ReadAction\",\"target\":[\"https:\/\/www.ellalabella.cl\/vitrina-ellalabella\/politica-de-privacidad\/\"]}]},{\"@type\":\"BreadcrumbList\",\"@id\":\"https:\/\/www.ellalabella.cl\/vitrina-ellalabella\/politica-de-privacidad\/#breadcrumb\",\"itemListElement\":[{\"@type\":\"ListItem\",\"position\":1,\"name\":\"Portada\",\"item\":\"https:\/\/www.ellalabella.cl\/vitrina-ellalabella\/\"},{\"@type\":\"ListItem\",\"position\":2,\"name\":\"Pol\u00edticas de Privacidad\"}]},{\"@type\":\"WebSite\",\"@id\":\"https:\/\/www.ellalabella.cl\/vitrina-ellalabella\/#website\",\"url\":\"https:\/\/www.ellalabella.cl\/vitrina-ellalabella\/\",\"name\":\"Vitrina Ellalabella\",\"description\":\"Beneficios que buscan la belleza integral\",\"publisher\":{\"@id\":\"https:\/\/www.ellalabella.cl\/vitrina-ellalabella\/#organization\"},\"potentialAction\":[{\"@type\":\"SearchAction\",\"target\":{\"@type\":\"EntryPoint\",\"urlTemplate\":\"https:\/\/www.ellalabella.cl\/vitrina-ellalabella\/?s={search_term_string}\"},\"query-input\":\"required name=search_term_string\"}],\"inLanguage\":\"es\"},{\"@type\":\"Organization\",\"@id\":\"https:\/\/www.ellalabella.cl\/vitrina-ellalabella\/#organization\",\"name\":\"Vitrina Ellalabella\",\"url\":\"https:\/\/www.ellalabella.cl\/vitrina-ellalabella\/\",\"logo\":{\"@type\":\"ImageObject\",\"inLanguage\":\"es\",\"@id\":\"https:\/\/www.ellalabella.cl\/vitrina-ellalabella\/#\/schema\/logo\/image\/\",\"url\":\"https:\/\/www.ellalabella.cl\/vitrina-ellalabella\/wp-content\/uploads\/2021\/05\/vitrina-logo.png\",\"contentUrl\":\"https:\/\/www.ellalabella.cl\/vitrina-ellalabella\/wp-content\/uploads\/2021\/05\/vitrina-logo.png\",\"width\":400,\"height\":194,\"caption\":\"Vitrina Ellalabella\"},\"image\":{\"@id\":\"https:\/\/www.ellalabella.cl\/vitrina-ellalabella\/#\/schema\/logo\/image\/\"},\"sameAs\":[\"https:\/\/web.whatsapp.com\/\",\"https:\/\/whatsapp.com\/\"]}]}<\/script>\n<!-- \/ Yoast SEO plugin. -->","yoast_head_json":{"title":"Pol\u00edticas de Privacidad - Vitrina Ellalabella","robots":{"index":"index","follow":"follow","max-snippet":"max-snippet:-1","max-image-preview":"max-image-preview:large","max-video-preview":"max-video-preview:-1"},"canonical":"https:\/\/www.ellalabella.cl\/vitrina-ellalabella\/politica-de-privacidad\/","og_locale":"es_ES","og_type":"article","og_title":"Pol\u00edticas de Privacidad - Vitrina Ellalabella","og_description":"Pol\u00edticas del Club Los siguientes son los T\u00e9rminos y Condiciones Generales de Uso, de Venta y pol\u00edticas de privacidad que regulan el uso del sitio web: www.ellalabella.cl\/club El acceso al Sitio, en forma directa o indirecta, su uso y\/o la descarga de informaci\u00f3n contenida en \u00e9l suponen que el Usuario acepta los presentes t\u00e9rminos y [&hellip;]","og_url":"https:\/\/www.ellalabella.cl\/vitrina-ellalabella\/politica-de-privacidad\/","og_site_name":"Vitrina Ellalabella","article_modified_time":"2021-10-01T22:36:45+00:00","og_image":[{"width":500,"height":186,"url":"https:\/\/www.ellalabella.cl\/vitrina-ellalabella\/wp-content\/uploads\/2021\/05\/club-logo-ellalabella.png","type":"image\/png"}],"twitter_card":"summary_large_image","twitter_misc":{"Tiempo de lectura":"9 minutos"},"schema":{"@context":"https:\/\/schema.org","@graph":[{"@type":"WebPage","@id":"https:\/\/www.ellalabella.cl\/vitrina-ellalabella\/politica-de-privacidad\/","url":"https:\/\/www.ellalabella.cl\/vitrina-ellalabella\/politica-de-privacidad\/","name":"Pol\u00edticas de Privacidad - Vitrina Ellalabella","isPartOf":{"@id":"https:\/\/www.ellalabella.cl\/vitrina-ellalabella\/#website"},"datePublished":"2021-05-05T16:45:04+00:00","dateModified":"2021-10-01T22:36:45+00:00","breadcrumb":{"@id":"https:\/\/www.ellalabella.cl\/vitrina-ellalabella\/politica-de-privacidad\/#breadcrumb"},"inLanguage":"es","potentialAction":[{"@type":"ReadAction","target":["https:\/\/www.ellalabella.cl\/vitrina-ellalabella\/politica-de-privacidad\/"]}]},{"@type":"BreadcrumbList","@id":"https:\/\/www.ellalabella.cl\/vitrina-ellalabella\/politica-de-privacidad\/#breadcrumb","itemListElement":[{"@type":"ListItem","position":1,"name":"Portada","item":"https:\/\/www.ellalabella.cl\/vitrina-ellalabella\/"},{"@type":"ListItem","position":2,"name":"Pol\u00edticas de Privacidad"}]},{"@type":"WebSite","@id":"https:\/\/www.ellalabella.cl\/vitrina-ellalabella\/#website","url":"https:\/\/www.ellalabella.cl\/vitrina-ellalabella\/","name":"Vitrina Ellalabella","description":"Beneficios que buscan la belleza integral","publisher":{"@id":"https:\/\/www.ellalabella.cl\/vitrina-ellalabella\/#organization"},"potentialAction":[{"@type":"SearchAction","target":{"@type":"EntryPoint","urlTemplate":"https:\/\/www.ellalabella.cl\/vitrina-ellalabella\/?s={search_term_string}"},"query-input":"required name=search_term_string"}],"inLanguage":"es"},{"@type":"Organization","@id":"https:\/\/www.ellalabella.cl\/vitrina-ellalabella\/#organization","name":"Vitrina Ellalabella","url":"https:\/\/www.ellalabella.cl\/vitrina-ellalabella\/","logo":{"@type":"ImageObject","inLanguage":"es","@id":"https:\/\/www.ellalabella.cl\/vitrina-ellalabella\/#\/schema\/logo\/image\/","url":"https:\/\/www.ellalabella.cl\/vitrina-ellalabella\/wp-content\/uploads\/2021\/05\/vitrina-logo.png","contentUrl":"https:\/\/www.ellalabella.cl\/vitrina-ellalabella\/wp-content\/uploads\/2021\/05\/vitrina-logo.png","width":400,"height":194,"caption":"Vitrina Ellalabella"},"image":{"@id":"https:\/\/www.ellalabella.cl\/vitrina-ellalabella\/#\/schema\/logo\/image\/"},"sameAs":["https:\/\/web.whatsapp.com\/","https:\/\/whatsapp.com\/"]}]}},"_links":{"self":[{"href":"https:\/\/www.ellalabella.cl\/vitrina-ellalabella\/wp-json\/wp\/v2\/pages\/3","targetHints":{"allow":["GET"]}}],"collection":[{"href":"https:\/\/www.ellalabella.cl\/vitrina-ellalabella\/wp-json\/wp\/v2\/pages"}],"about":[{"href":"https:\/\/www.ellalabella.cl\/vitrina-ellalabella\/wp-json\/wp\/v2\/types\/page"}],"author":[{"embeddable":true,"href":"https:\/\/www.ellalabella.cl\/vitrina-ellalabella\/wp-json\/wp\/v2\/users\/1"}],"replies":[{"embeddable":true,"href":"https:\/\/www.ellalabella.cl\/vitrina-ellalabella\/wp-json\/wp\/v2\/comments?post=3"}],"version-history":[{"count":17,"href":"https:\/\/www.ellalabella.cl\/vitrina-ellalabella\/wp-json\/wp\/v2\/pages\/3\/revisions"}],"predecessor-version":[{"id":2131,"href":"https:\/\/www.ellalabella.cl\/vitrina-ellalabella\/wp-json\/wp\/v2\/pages\/3\/revisions\/2131"}],"wp:attachment":[{"href":"https:\/\/www.ellalabella.cl\/vitrina-ellalabella\/wp-json\/wp\/v2\/media?parent=3"}],"curies":[{"name":"wp","href":"https:\/\/api.w.org\/{rel}","templated":true}]}}